{"id":18523,"date":"2025-02-13T09:26:07","date_gmt":"2025-02-13T14:26:07","guid":{"rendered":"https:\/\/cibim.org\/activites-visibilites\/"},"modified":"2025-05-23T15:36:42","modified_gmt":"2025-05-23T19:36:42","slug":"visibility-activities","status":"publish","type":"page","link":"https:\/\/cibim.org\/en\/visibility-activities\/","title":{"rendered":"Visibility Activities"},"content":{"rendered":"\t\t<div data-elementor-type=\"wp-page\" data-elementor-id=\"18523\" class=\"elementor elementor-18523 elementor-15843\" data-elementor-post-type=\"page\">\n\t\t\t\t<section class=\"elementor-element elementor-element-5a21c4e2 e-flex e-con-boxed e-con e-parent\" data-id=\"5a21c4e2\" data-element_type=\"container\">\n\t\t\t\t\t<div class=\"e-con-inner\">\n\t\t\t\t<div class=\"elementor-element elementor-element-d3bfa71 elementor-widget elementor-widget-heading\" data-id=\"d3bfa71\" data-element_type=\"widget\" data-widget_type=\"heading.default\">\n\t\t\t\t<div class=\"elementor-widget-container\">\n\t\t\t\t\t<h1 class=\"elementor-heading-title elementor-size-default\">Visibility Activities<\/h1>\t\t\t\t<\/div>\n\t\t\t\t<\/div>\n\t\t\t\t\t<\/div>\n\t\t\t\t<\/section>\n\t\t<section class=\"elementor-element elementor-element-76d524e e-flex e-con-boxed e-con e-parent\" data-id=\"76d524e\" data-element_type=\"container\">\n\t\t\t\t\t<div class=\"e-con-inner\">\n\t\t\t\t<div class=\"elementor-element elementor-element-219d08a elementor-widget elementor-widget-text-editor\" data-id=\"219d08a\" data-element_type=\"widget\" data-widget_type=\"text-editor.default\">\n\t\t\t\t<div class=\"elementor-widget-container\">\n\t\t\t\t\t\t\t\t\t<p>Boost your company&#8217;s visibility with our promotional initiatives, specially designed for the agri-food sector. Take advantage of this unique opportunity to showcase your business and products by participating in a wide range of events and forming strategic partnerships.<\/p><p>By engaging in these activities, you will not only enhance the value of your products and services but also build essential connections with key partners and effectively reach your target audience. This is a crucial step to accelerate growth and increase your brand awareness in the food industry.<\/p>\t\t\t\t\t\t\t\t<\/div>\n\t\t\t\t<\/div>\n\t\t\t\t\t<\/div>\n\t\t\t\t<\/section>\n\t\t<div class=\"elementor-element elementor-element-7d50c031 e-flex e-con-boxed e-con e-parent\" data-id=\"7d50c031\" data-element_type=\"container\">\n\t\t\t\t\t<div class=\"e-con-inner\">\n\t\t<div class=\"elementor-element elementor-element-7f33473d e-con-full e-flex e-con e-child\" data-id=\"7f33473d\" data-element_type=\"container\">\n\t\t\t\t<div class=\"elementor-element elementor-element-cfd2c50 elementor-widget elementor-widget-heading\" data-id=\"cfd2c50\" data-element_type=\"widget\" data-widget_type=\"heading.default\">\n\t\t\t\t<div class=\"elementor-widget-container\">\n\t\t\t\t\t<h2 class=\"elementor-heading-title elementor-size-default\">Markets<\/h2>\t\t\t\t<\/div>\n\t\t\t\t<\/div>\n\t\t\t\t<div class=\"elementor-element elementor-element-ef081de elementor-widget elementor-widget-image\" data-id=\"ef081de\" data-element_type=\"widget\" data-widget_type=\"image.default\">\n\t\t\t\t<div class=\"elementor-widget-container\">\n\t\t\t\t\t\t\t\t\t\t\t\t\t\t\t<img fetchpriority=\"high\" decoding=\"async\" width=\"1023\" height=\"685\" src=\"https:\/\/cibim.org\/wp-content\/uploads\/2025\/05\/cibim-marche.webp\" class=\"attachment-large size-large wp-image-17814\" alt=\"\" srcset=\"https:\/\/cibim.org\/wp-content\/uploads\/2025\/05\/cibim-marche.webp 1023w, https:\/\/cibim.org\/wp-content\/uploads\/2025\/05\/cibim-marche-300x201.webp 300w, https:\/\/cibim.org\/wp-content\/uploads\/2025\/05\/cibim-marche-768x514.webp 768w\" sizes=\"(max-width: 1023px) 100vw, 1023px\" \/>\t\t\t\t\t\t\t\t\t\t\t\t\t\t\t<\/div>\n\t\t\t\t<\/div>\n\t\t\t\t<\/div>\n\t\t<div class=\"elementor-element elementor-element-480883af e-con-full e-flex e-con e-child\" data-id=\"480883af\" data-element_type=\"container\">\n\t\t\t\t<div class=\"elementor-element elementor-element-80323e4 elementor-widget elementor-widget-heading\" data-id=\"80323e4\" data-element_type=\"widget\" data-widget_type=\"heading.default\">\n\t\t\t\t<div class=\"elementor-widget-container\">\n\t\t\t\t\t<h2 class=\"elementor-heading-title elementor-size-default\">Podcast\n<\/h2>\t\t\t\t<\/div>\n\t\t\t\t<\/div>\n\t\t\t\t<div class=\"elementor-element elementor-element-46eab25 elementor-widget elementor-widget-image\" data-id=\"46eab25\" data-element_type=\"widget\" data-widget_type=\"image.default\">\n\t\t\t\t<div class=\"elementor-widget-container\">\n\t\t\t\t\t\t\t\t\t\t\t\t\t\t\t<img decoding=\"async\" width=\"954\" height=\"716\" src=\"https:\/\/cibim.org\/wp-content\/uploads\/2025\/05\/cibim-balado.webp\" class=\"attachment-large size-large wp-image-17816\" alt=\"\" srcset=\"https:\/\/cibim.org\/wp-content\/uploads\/2025\/05\/cibim-balado.webp 954w, https:\/\/cibim.org\/wp-content\/uploads\/2025\/05\/cibim-balado-300x225.webp 300w, https:\/\/cibim.org\/wp-content\/uploads\/2025\/05\/cibim-balado-768x576.webp 768w\" sizes=\"(max-width: 954px) 100vw, 954px\" \/>\t\t\t\t\t\t\t\t\t\t\t\t\t\t\t<\/div>\n\t\t\t\t<\/div>\n\t\t\t\t<\/div>\n\t\t<div class=\"elementor-element elementor-element-5cc62e6 e-con-full e-flex e-con e-child\" data-id=\"5cc62e6\" data-element_type=\"container\">\n\t\t\t\t<div class=\"elementor-element elementor-element-59fe639 elementor-widget elementor-widget-heading\" data-id=\"59fe639\" data-element_type=\"widget\" data-widget_type=\"heading.default\">\n\t\t\t\t<div class=\"elementor-widget-container\">\n\t\t\t\t\t<h2 class=\"elementor-heading-title elementor-size-default\">Trade Shows\n\n<\/h2>\t\t\t\t<\/div>\n\t\t\t\t<\/div>\n\t\t\t\t<div class=\"elementor-element elementor-element-ae5e868 elementor-widget elementor-widget-image\" data-id=\"ae5e868\" data-element_type=\"widget\" data-widget_type=\"image.default\">\n\t\t\t\t<div class=\"elementor-widget-container\">\n\t\t\t\t\t\t\t\t\t\t\t\t\t\t\t<img decoding=\"async\" width=\"543\" height=\"722\" src=\"https:\/\/cibim.org\/wp-content\/uploads\/2025\/05\/cibim-salon.webp\" class=\"attachment-large size-large wp-image-17818\" alt=\"\" srcset=\"https:\/\/cibim.org\/wp-content\/uploads\/2025\/05\/cibim-salon.webp 543w, https:\/\/cibim.org\/wp-content\/uploads\/2025\/05\/cibim-salon-226x300.webp 226w\" sizes=\"(max-width: 543px) 100vw, 543px\" \/>\t\t\t\t\t\t\t\t\t\t\t\t\t\t\t<\/div>\n\t\t\t\t<\/div>\n\t\t\t\t<\/div>\n\t\t\t\t\t<\/div>\n\t\t\t\t<\/div>\n\t\t<div class=\"elementor-element elementor-element-5cba8f6 e-flex e-con-boxed e-con e-parent\" data-id=\"5cba8f6\" data-element_type=\"container\">\n\t\t\t\t\t<div class=\"e-con-inner\">\n\t\t<div class=\"elementor-element elementor-element-06689ad e-con-full e-flex e-con e-child\" data-id=\"06689ad\" data-element_type=\"container\">\n\t\t\t\t<div class=\"elementor-element elementor-element-656911a elementor-align-center elementor-widget elementor-widget-button\" data-id=\"656911a\" data-element_type=\"widget\" data-widget_type=\"button.default\">\n\t\t\t\t<div class=\"elementor-widget-container\">\n\t\t\t\t\t\t\t\t\t<div class=\"elementor-button-wrapper\">\n\t\t\t\t\t<a class=\"elementor-button elementor-button-link elementor-size-sm\" href=\"mailto:info@cibim.org\">\n\t\t\t\t\t\t<span class=\"elementor-button-content-wrapper\">\n\t\t\t\t\t\t\t\t\t<span class=\"elementor-button-text\">For more information, contact us.<\/span>\n\t\t\t\t\t<\/span>\n\t\t\t\t\t<\/a>\n\t\t\t\t<\/div>\n\t\t\t\t\t\t\t\t<\/div>\n\t\t\t\t<\/div>\n\t\t\t\t<\/div>\n\t\t\t\t\t<\/div>\n\t\t\t\t<\/div>\n\t\t<div class=\"elementor-element elementor-element-c7307bd e-flex e-con-boxed e-con e-parent\" data-id=\"c7307bd\" data-element_type=\"container\">\n\t\t\t\t\t<div class=\"e-con-inner\">\n\t\t\t\t<div class=\"elementor-element elementor-element-9ba08f2 elementor-widget elementor-widget-video\" data-id=\"9ba08f2\" data-element_type=\"widget\" data-settings=\"{&quot;youtube_url&quot;:&quot;https:\\\/\\\/youtu.be\\\/i1-Y1APsQRU&quot;,&quot;video_type&quot;:&quot;youtube&quot;,&quot;controls&quot;:&quot;yes&quot;}\" data-widget_type=\"video.default\">\n\t\t\t\t<div class=\"elementor-widget-container\">\n\t\t\t\t\t\t\t<div class=\"elementor-wrapper elementor-open-inline\">\n\t\t\t<div class=\"elementor-video\"><\/div>\t\t<\/div>\n\t\t\t\t\t\t<\/div>\n\t\t\t\t<\/div>\n\t\t\t\t\t<\/div>\n\t\t\t\t<\/div>\n\t\t<div class=\"elementor-element elementor-element-22debd4b e-con-full e-flex e-con e-parent\" data-id=\"22debd4b\" data-element_type=\"container\">\n\t\t\t\t<div class=\"elementor-element elementor-element-3703f92c elementor-widget elementor-widget-template\" data-id=\"3703f92c\" data-element_type=\"widget\" data-widget_type=\"template.default\">\n\t\t\t\t<div class=\"elementor-widget-container\">\n\t\t\t\t\t\t\t<div class=\"elementor-template\">\n\t\t\t\t\t<div data-elementor-type=\"container\" data-elementor-id=\"18989\" class=\"elementor elementor-18989 elementor-12801\" data-elementor-post-type=\"elementor_library\">\n\t\t\t\t<div class=\"elementor-element elementor-element-618f9293 e-con-full e-flex e-con e-parent\" data-id=\"618f9293\" data-element_type=\"container\">\n\t\t\t\t<div class=\"elementor-element elementor-element-74b24875 elementor-widget elementor-widget-heading\" data-id=\"74b24875\" data-element_type=\"widget\" data-widget_type=\"heading.default\">\n\t\t\t\t<div class=\"elementor-widget-container\">\n\t\t\t\t\t<h2 class=\"elementor-heading-title elementor-size-default\">Our Partners<\/h2>\t\t\t\t<\/div>\n\t\t\t\t<\/div>\n\t\t\t\t<div class=\"elementor-element elementor-element-5f290ed3 elementor-widget elementor-widget-shortcode\" data-id=\"5f290ed3\" data-element_type=\"widget\" data-widget_type=\"shortcode.default\">\n\t\t\t\t<div class=\"elementor-widget-container\">\n\t\t\t\t\t\t\t<div class=\"elementor-shortcode\">\n    <div class=\"partners_slider_container\">\n        <div class=\"partners_slider slider\">\n                                                <div class=\"slide_column\">\n                        <img loading=\"lazy\" decoding=\"async\" width=\"542\" height=\"303\" src=\"https:\/\/cibim.org\/wp-content\/uploads\/2025\/05\/fac-logo.webp\" class=\"attachment-post-thumbnail size-post-thumbnail wp-post-image\" alt=\"\" srcset=\"https:\/\/cibim.org\/wp-content\/uploads\/2025\/05\/fac-logo.webp 542w, https:\/\/cibim.org\/wp-content\/uploads\/2025\/05\/fac-logo-300x168.webp 300w\" sizes=\"(max-width: 542px) 100vw, 542px\" \/>                    <\/div>  \n                                                                <div class=\"slide_column\">\n                        <img loading=\"lazy\" decoding=\"async\" width=\"1039\" height=\"399\" src=\"https:\/\/cibim.org\/wp-content\/uploads\/2023\/08\/logo-economie-quebec.jpg\" class=\"attachment-post-thumbnail size-post-thumbnail wp-post-image\" alt=\"\" srcset=\"https:\/\/cibim.org\/wp-content\/uploads\/2023\/08\/logo-economie-quebec.jpg 1039w, https:\/\/cibim.org\/wp-content\/uploads\/2023\/08\/logo-economie-quebec-300x115.jpg 300w, https:\/\/cibim.org\/wp-content\/uploads\/2023\/08\/logo-economie-quebec-768x295.jpg 768w, https:\/\/cibim.org\/wp-content\/uploads\/2023\/08\/logo-economie-quebec-1024x393.jpg 1024w\" sizes=\"(max-width: 1039px) 100vw, 1039px\" \/>                    <\/div>  \n                                                                <div class=\"slide_column\">\n                        <img loading=\"lazy\" decoding=\"async\" width=\"2418\" height=\"735\" src=\"https:\/\/cibim.org\/wp-content\/uploads\/2023\/08\/logo-rtcbq.png\" class=\"attachment-post-thumbnail size-post-thumbnail wp-post-image\" alt=\"\" srcset=\"https:\/\/cibim.org\/wp-content\/uploads\/2023\/08\/logo-rtcbq.png 2418w, https:\/\/cibim.org\/wp-content\/uploads\/2023\/08\/logo-rtcbq-300x91.png 300w, https:\/\/cibim.org\/wp-content\/uploads\/2023\/08\/logo-rtcbq-768x233.png 768w, https:\/\/cibim.org\/wp-content\/uploads\/2023\/08\/logo-rtcbq-1024x311.png 1024w, https:\/\/cibim.org\/wp-content\/uploads\/2023\/08\/logo-rtcbq-1536x467.png 1536w, https:\/\/cibim.org\/wp-content\/uploads\/2023\/08\/logo-rtcbq-2048x623.png 2048w\" sizes=\"(max-width: 2418px) 100vw, 2418px\" \/>                    <\/div>  \n                                                                <div class=\"slide_column\">\n                        <img loading=\"lazy\" decoding=\"async\" width=\"200\" height=\"200\" src=\"https:\/\/cibim.org\/wp-content\/uploads\/2019\/10\/quebec.png\" class=\"attachment-post-thumbnail size-post-thumbnail wp-post-image\" alt=\"\" srcset=\"https:\/\/cibim.org\/wp-content\/uploads\/2019\/10\/quebec.png 200w, https:\/\/cibim.org\/wp-content\/uploads\/2019\/10\/quebec-150x150.png 150w\" sizes=\"(max-width: 200px) 100vw, 200px\" \/>                    <\/div>  \n                                                                <div class=\"slide_column\">\n                        <img loading=\"lazy\" decoding=\"async\" width=\"200\" height=\"200\" src=\"https:\/\/cibim.org\/wp-content\/uploads\/2019\/10\/aliment-du-quebec-1.webp\" class=\"attachment-post-thumbnail size-post-thumbnail wp-post-image\" alt=\"\" srcset=\"https:\/\/cibim.org\/wp-content\/uploads\/2019\/10\/aliment-du-quebec-1.webp 200w, https:\/\/cibim.org\/wp-content\/uploads\/2019\/10\/aliment-du-quebec-1-150x150.webp 150w, https:\/\/cibim.org\/wp-content\/uploads\/2019\/10\/aliment-du-quebec-1-102x102.webp 102w\" sizes=\"(max-width: 200px) 100vw, 200px\" \/>                    <\/div>  \n                                                                <div class=\"slide_column\">\n                        <img loading=\"lazy\" decoding=\"async\" width=\"200\" height=\"200\" src=\"https:\/\/cibim.org\/wp-content\/uploads\/2019\/10\/ville-de-montreal-1.png\" class=\"attachment-post-thumbnail size-post-thumbnail wp-post-image\" alt=\"\" srcset=\"https:\/\/cibim.org\/wp-content\/uploads\/2019\/10\/ville-de-montreal-1.png 200w, https:\/\/cibim.org\/wp-content\/uploads\/2019\/10\/ville-de-montreal-1-150x150.png 150w, https:\/\/cibim.org\/wp-content\/uploads\/2019\/10\/ville-de-montreal-1-141x141.png 141w\" sizes=\"(max-width: 200px) 100vw, 200px\" \/>                    <\/div>  \n                                                                <div class=\"slide_column\">\n                        <img loading=\"lazy\" decoding=\"async\" width=\"200\" height=\"76\" src=\"https:\/\/cibim.org\/wp-content\/uploads\/2020\/03\/SAM_RGB-e1587648083543.png\" class=\"attachment-post-thumbnail size-post-thumbnail wp-post-image\" alt=\"\" \/>                    <\/div>  \n                                                                <div class=\"slide_column\">\n                        <img loading=\"lazy\" decoding=\"async\" width=\"300\" height=\"200\" src=\"https:\/\/cibim.org\/wp-content\/uploads\/2020\/04\/ecole-entrepreneure-1.webp\" class=\"attachment-post-thumbnail size-post-thumbnail wp-post-image\" alt=\"\" \/>                    <\/div>  \n                                                                <div class=\"slide_column\">\n                        <img loading=\"lazy\" decoding=\"async\" width=\"300\" height=\"200\" src=\"https:\/\/cibim.org\/wp-content\/uploads\/2020\/04\/pme-mtl-2.png\" class=\"attachment-post-thumbnail size-post-thumbnail wp-post-image\" alt=\"\" \/>                    <\/div>  \n                                                                <div class=\"slide_column\">\n                        <img loading=\"lazy\" decoding=\"async\" width=\"1373\" height=\"513\" src=\"https:\/\/cibim.org\/wp-content\/uploads\/2020\/11\/d15-desjardins-entreprises-rgb.png\" class=\"attachment-post-thumbnail size-post-thumbnail wp-post-image\" alt=\"\" srcset=\"https:\/\/cibim.org\/wp-content\/uploads\/2020\/11\/d15-desjardins-entreprises-rgb.png 1373w, https:\/\/cibim.org\/wp-content\/uploads\/2020\/11\/d15-desjardins-entreprises-rgb-300x112.png 300w, https:\/\/cibim.org\/wp-content\/uploads\/2020\/11\/d15-desjardins-entreprises-rgb-768x287.png 768w, https:\/\/cibim.org\/wp-content\/uploads\/2020\/11\/d15-desjardins-entreprises-rgb-1024x383.png 1024w\" sizes=\"(max-width: 1373px) 100vw, 1373px\" \/>                    <\/div>  \n                                                                <div class=\"slide_column\">\n                        <img loading=\"lazy\" decoding=\"async\" width=\"220\" height=\"118\" src=\"https:\/\/cibim.org\/wp-content\/uploads\/2021\/11\/CI_LOGO_cmyk.png\" class=\"attachment-post-thumbnail size-post-thumbnail wp-post-image\" alt=\"\" \/>                    <\/div>  \n                                                                <div class=\"slide_column\">\n                        <img loading=\"lazy\" decoding=\"async\" width=\"805\" height=\"330\" src=\"https:\/\/cibim.org\/wp-content\/uploads\/2022\/01\/Logo-Agriconseils.jpg\" class=\"attachment-post-thumbnail size-post-thumbnail wp-post-image\" alt=\"\" srcset=\"https:\/\/cibim.org\/wp-content\/uploads\/2022\/01\/Logo-Agriconseils.jpg 805w, https:\/\/cibim.org\/wp-content\/uploads\/2022\/01\/Logo-Agriconseils-300x123.jpg 300w, https:\/\/cibim.org\/wp-content\/uploads\/2022\/01\/Logo-Agriconseils-768x315.jpg 768w\" sizes=\"(max-width: 805px) 100vw, 805px\" \/>                    <\/div>  \n                                         \n        <\/div>\n        <div class=\"partners_slider_arrows slider_arrows\">\n            <span class=\"partners_slider_prev dashicons dashicons-arrow-left-alt2\"><\/span>\n            <span class=\"partners_slider_next dashicons dashicons-arrow-right-alt2\"><\/span>\n        <\/div> \n    <\/div>\n <\/div>\n\t\t\t\t\t\t<\/div>\n\t\t\t\t<\/div>\n\t\t\t\t<\/div>\n\t\t\t\t<\/div>\n\t\t\t\t<\/div>\n\t\t\t\t\t\t<\/div>\n\t\t\t\t<\/div>\n\t\t\t\t<\/div>\n\t\t\t\t<\/div>\n\t\t","protected":false},"excerpt":{"rendered":"<p>Activit\u00e9s de visibilit\u00e9 Rehaussez la visibilit\u00e9 de votre entreprise avec nos initiatives de promotion, sp\u00e9cialement con\u00e7ues pour le secteur bioalimentaire. Profitez de cette chance in\u00e9dite pour mettre en avant votre entreprise et vos produits, en participant \u00e0 un large \u00e9ventail d\u2019\u00e9v\u00e8nements et en \u00e9tablissant des partenariats strat\u00e9giques. En vous engageant dans ces activit\u00e9s, vous pourrez&#8230;<\/p>\n","protected":false},"author":1,"featured_media":17520,"parent":0,"menu_order":43,"comment_status":"closed","ping_status":"closed","template":"","meta":{"_acf_changed":false,"pmpro_default_level":"","footnotes":""},"class_list":["post-18523","page","type-page","status-publish","has-post-thumbnail","hentry","pmpro-has-access"],"acf":[],"yoast_head":"<!-- This site is optimized with the Yoast SEO plugin v24.3 - https:\/\/yoast.com\/wordpress\/plugins\/seo\/ -->\n<title>Visibility Activities | CIBIM<\/title>\n<meta name=\"robots\" content=\"index, follow, max-snippet:-1, max-image-preview:large, max-video-preview:-1\" \/>\n<link rel=\"canonical\" href=\"https:\/\/cibim.org\/en\/visibility-activities\/\" \/>\n<meta property=\"og:locale\" content=\"en_US\" \/>\n<meta property=\"og:type\" content=\"article\" \/>\n<meta property=\"og:title\" content=\"Visibility Activities | CIBIM\" \/>\n<meta property=\"og:description\" content=\"Activit\u00e9s de visibilit\u00e9 Rehaussez la visibilit\u00e9 de votre entreprise avec nos initiatives de promotion, sp\u00e9cialement con\u00e7ues pour le secteur bioalimentaire. Profitez de cette chance in\u00e9dite pour mettre en avant votre entreprise et vos produits, en participant \u00e0 un large \u00e9ventail d\u2019\u00e9v\u00e8nements et en \u00e9tablissant des partenariats strat\u00e9giques. En vous engageant dans ces activit\u00e9s, vous pourrez...\" \/>\n<meta property=\"og:url\" content=\"https:\/\/cibim.org\/en\/visibility-activities\/\" \/>\n<meta property=\"og:site_name\" content=\"CIBIM\" \/>\n<meta property=\"article:modified_time\" content=\"2025-05-23T19:36:42+00:00\" \/>\n<meta property=\"og:image\" content=\"https:\/\/cibim.org\/wp-content\/uploads\/2025\/04\/CIBIM-evenement.webp\" \/>\n\t<meta property=\"og:image:width\" content=\"2560\" \/>\n\t<meta property=\"og:image:height\" content=\"1707\" \/>\n\t<meta property=\"og:image:type\" content=\"image\/webp\" \/>\n<meta name=\"twitter:card\" content=\"summary_large_image\" \/>\n<meta name=\"twitter:label1\" content=\"Est. reading time\" \/>\n\t<meta name=\"twitter:data1\" content=\"2 minutes\" \/>\n<script type=\"application\/ld+json\" class=\"yoast-schema-graph\">{\"@context\":\"https:\/\/schema.org\",\"@graph\":[{\"@type\":\"WebPage\",\"@id\":\"https:\/\/cibim.org\/en\/visibility-activities\/\",\"url\":\"https:\/\/cibim.org\/en\/visibility-activities\/\",\"name\":\"Visibility Activities | CIBIM\",\"isPartOf\":{\"@id\":\"https:\/\/cibim.org\/#website\"},\"primaryImageOfPage\":{\"@id\":\"https:\/\/cibim.org\/en\/visibility-activities\/#primaryimage\"},\"image\":{\"@id\":\"https:\/\/cibim.org\/en\/visibility-activities\/#primaryimage\"},\"thumbnailUrl\":\"https:\/\/cibim.org\/wp-content\/uploads\/2025\/04\/CIBIM-evenement.webp\",\"datePublished\":\"2025-02-13T14:26:07+00:00\",\"dateModified\":\"2025-05-23T19:36:42+00:00\",\"breadcrumb\":{\"@id\":\"https:\/\/cibim.org\/en\/visibility-activities\/#breadcrumb\"},\"inLanguage\":\"en-US\",\"potentialAction\":[{\"@type\":\"ReadAction\",\"target\":[\"https:\/\/cibim.org\/en\/visibility-activities\/\"]}]},{\"@type\":\"ImageObject\",\"inLanguage\":\"en-US\",\"@id\":\"https:\/\/cibim.org\/en\/visibility-activities\/#primaryimage\",\"url\":\"https:\/\/cibim.org\/wp-content\/uploads\/2025\/04\/CIBIM-evenement.webp\",\"contentUrl\":\"https:\/\/cibim.org\/wp-content\/uploads\/2025\/04\/CIBIM-evenement.webp\",\"width\":2560,\"height\":1707},{\"@type\":\"BreadcrumbList\",\"@id\":\"https:\/\/cibim.org\/en\/visibility-activities\/#breadcrumb\",\"itemListElement\":[{\"@type\":\"ListItem\",\"position\":1,\"name\":\"Home\",\"item\":\"https:\/\/cibim.org\/en\/\"},{\"@type\":\"ListItem\",\"position\":2,\"name\":\"Visibility Activities\"}]},{\"@type\":\"WebSite\",\"@id\":\"https:\/\/cibim.org\/#website\",\"url\":\"https:\/\/cibim.org\/\",\"name\":\"CIBI\u0302M\",\"description\":\"LE CONSEIL DES INDUSTRIES BIOALIMENTAIRES DE L&#039;\u00ceLE DE MONTR\u00c9AL\",\"publisher\":{\"@id\":\"https:\/\/cibim.org\/#organization\"},\"potentialAction\":[{\"@type\":\"SearchAction\",\"target\":{\"@type\":\"EntryPoint\",\"urlTemplate\":\"https:\/\/cibim.org\/?s={search_term_string}\"},\"query-input\":{\"@type\":\"PropertyValueSpecification\",\"valueRequired\":true,\"valueName\":\"search_term_string\"}}],\"inLanguage\":\"en-US\"},{\"@type\":\"Organization\",\"@id\":\"https:\/\/cibim.org\/#organization\",\"name\":\"CIBI\u0302M\",\"url\":\"https:\/\/cibim.org\/\",\"logo\":{\"@type\":\"ImageObject\",\"inLanguage\":\"en-US\",\"@id\":\"https:\/\/cibim.org\/#\/schema\/logo\/image\/\",\"url\":\"https:\/\/cibim.org\/wp-content\/uploads\/2025\/01\/cibim-logo.svg\",\"contentUrl\":\"https:\/\/cibim.org\/wp-content\/uploads\/2025\/01\/cibim-logo.svg\",\"width\":193,\"height\":68,\"caption\":\"CIBI\u0302M\"},\"image\":{\"@id\":\"https:\/\/cibim.org\/#\/schema\/logo\/image\/\"}}]}<\/script>\n<!-- \/ Yoast SEO plugin. -->","yoast_head_json":{"title":"Visibility Activities | CIBIM","robots":{"index":"index","follow":"follow","max-snippet":"max-snippet:-1","max-image-preview":"max-image-preview:large","max-video-preview":"max-video-preview:-1"},"canonical":"https:\/\/cibim.org\/en\/visibility-activities\/","og_locale":"en_US","og_type":"article","og_title":"Visibility Activities | CIBIM","og_description":"Activit\u00e9s de visibilit\u00e9 Rehaussez la visibilit\u00e9 de votre entreprise avec nos initiatives de promotion, sp\u00e9cialement con\u00e7ues pour le secteur bioalimentaire. Profitez de cette chance in\u00e9dite pour mettre en avant votre entreprise et vos produits, en participant \u00e0 un large \u00e9ventail d\u2019\u00e9v\u00e8nements et en \u00e9tablissant des partenariats strat\u00e9giques. En vous engageant dans ces activit\u00e9s, vous pourrez...","og_url":"https:\/\/cibim.org\/en\/visibility-activities\/","og_site_name":"CIBIM","article_modified_time":"2025-05-23T19:36:42+00:00","og_image":[{"width":2560,"height":1707,"url":"https:\/\/cibim.org\/wp-content\/uploads\/2025\/04\/CIBIM-evenement.webp","type":"image\/webp"}],"twitter_card":"summary_large_image","twitter_misc":{"Est. reading time":"2 minutes"},"schema":{"@context":"https:\/\/schema.org","@graph":[{"@type":"WebPage","@id":"https:\/\/cibim.org\/en\/visibility-activities\/","url":"https:\/\/cibim.org\/en\/visibility-activities\/","name":"Visibility Activities | CIBIM","isPartOf":{"@id":"https:\/\/cibim.org\/#website"},"primaryImageOfPage":{"@id":"https:\/\/cibim.org\/en\/visibility-activities\/#primaryimage"},"image":{"@id":"https:\/\/cibim.org\/en\/visibility-activities\/#primaryimage"},"thumbnailUrl":"https:\/\/cibim.org\/wp-content\/uploads\/2025\/04\/CIBIM-evenement.webp","datePublished":"2025-02-13T14:26:07+00:00","dateModified":"2025-05-23T19:36:42+00:00","breadcrumb":{"@id":"https:\/\/cibim.org\/en\/visibility-activities\/#breadcrumb"},"inLanguage":"en-US","potentialAction":[{"@type":"ReadAction","target":["https:\/\/cibim.org\/en\/visibility-activities\/"]}]},{"@type":"ImageObject","inLanguage":"en-US","@id":"https:\/\/cibim.org\/en\/visibility-activities\/#primaryimage","url":"https:\/\/cibim.org\/wp-content\/uploads\/2025\/04\/CIBIM-evenement.webp","contentUrl":"https:\/\/cibim.org\/wp-content\/uploads\/2025\/04\/CIBIM-evenement.webp","width":2560,"height":1707},{"@type":"BreadcrumbList","@id":"https:\/\/cibim.org\/en\/visibility-activities\/#breadcrumb","itemListElement":[{"@type":"ListItem","position":1,"name":"Home","item":"https:\/\/cibim.org\/en\/"},{"@type":"ListItem","position":2,"name":"Visibility Activities"}]},{"@type":"WebSite","@id":"https:\/\/cibim.org\/#website","url":"https:\/\/cibim.org\/","name":"CIBI\u0302M","description":"LE CONSEIL DES INDUSTRIES BIOALIMENTAIRES DE L&#039;\u00ceLE DE MONTR\u00c9AL","publisher":{"@id":"https:\/\/cibim.org\/#organization"},"potentialAction":[{"@type":"SearchAction","target":{"@type":"EntryPoint","urlTemplate":"https:\/\/cibim.org\/?s={search_term_string}"},"query-input":{"@type":"PropertyValueSpecification","valueRequired":true,"valueName":"search_term_string"}}],"inLanguage":"en-US"},{"@type":"Organization","@id":"https:\/\/cibim.org\/#organization","name":"CIBI\u0302M","url":"https:\/\/cibim.org\/","logo":{"@type":"ImageObject","inLanguage":"en-US","@id":"https:\/\/cibim.org\/#\/schema\/logo\/image\/","url":"https:\/\/cibim.org\/wp-content\/uploads\/2025\/01\/cibim-logo.svg","contentUrl":"https:\/\/cibim.org\/wp-content\/uploads\/2025\/01\/cibim-logo.svg","width":193,"height":68,"caption":"CIBI\u0302M"},"image":{"@id":"https:\/\/cibim.org\/#\/schema\/logo\/image\/"}}]}},"_links":{"self":[{"href":"https:\/\/cibim.org\/en\/wp-json\/wp\/v2\/pages\/18523","targetHints":{"allow":["GET"]}}],"collection":[{"href":"https:\/\/cibim.org\/en\/wp-json\/wp\/v2\/pages"}],"about":[{"href":"https:\/\/cibim.org\/en\/wp-json\/wp\/v2\/types\/page"}],"author":[{"embeddable":true,"href":"https:\/\/cibim.org\/en\/wp-json\/wp\/v2\/users\/1"}],"replies":[{"embeddable":true,"href":"https:\/\/cibim.org\/en\/wp-json\/wp\/v2\/comments?post=18523"}],"version-history":[{"count":6,"href":"https:\/\/cibim.org\/en\/wp-json\/wp\/v2\/pages\/18523\/revisions"}],"predecessor-version":[{"id":18884,"href":"https:\/\/cibim.org\/en\/wp-json\/wp\/v2\/pages\/18523\/revisions\/18884"}],"wp:featuredmedia":[{"embeddable":true,"href":"https:\/\/cibim.org\/en\/wp-json\/wp\/v2\/media\/17520"}],"wp:attachment":[{"href":"https:\/\/cibim.org\/en\/wp-json\/wp\/v2\/media?parent=18523"}],"curies":[{"name":"wp","href":"https:\/\/api.w.org\/{rel}","templated":true}]}}