{"id":18520,"date":"2025-02-13T09:40:36","date_gmt":"2025-02-13T14:40:36","guid":{"rendered":"https:\/\/cibim.org\/politique-de-traitement-des-plaintes\/"},"modified":"2025-05-23T15:30:08","modified_gmt":"2025-05-23T19:30:08","slug":"complaints-handling-policy","status":"publish","type":"page","link":"https:\/\/cibim.org\/en\/complaints-handling-policy\/","title":{"rendered":"Complaints Handling Policy"},"content":{"rendered":"\t\t<div data-elementor-type=\"wp-page\" data-elementor-id=\"18520\" class=\"elementor elementor-18520 elementor-15864\" data-elementor-post-type=\"page\">\n\t\t\t\t<div class=\"elementor-element elementor-element-a222085 e-flex e-con-boxed e-con e-parent\" data-id=\"a222085\" data-element_type=\"container\">\n\t\t\t\t\t<div class=\"e-con-inner\">\n\t\t\t\t<div class=\"elementor-element elementor-element-5d63e70 elementor-widget elementor-widget-heading\" data-id=\"5d63e70\" data-element_type=\"widget\" data-widget_type=\"heading.default\">\n\t\t\t\t<div class=\"elementor-widget-container\">\n\t\t\t\t\t<h2 class=\"elementor-heading-title elementor-size-default\">COMPLAINTS HANDLING POLICY<\/h2>\t\t\t\t<\/div>\n\t\t\t\t<\/div>\n\t\t\t\t<div class=\"elementor-element elementor-element-8df8be9 elementor-widget elementor-widget-text-editor\" data-id=\"8df8be9\" data-element_type=\"widget\" data-widget_type=\"text-editor.default\">\n\t\t\t\t<div class=\"elementor-widget-container\">\n\t\t\t\t\t\t\t\t\t<p>This policy aims to ensure proper, consistent, and diligent handling of complaints. It applies to any individual who is dissatisfied with how their personal information has been managed.<\/p>\t\t\t\t\t\t\t\t<\/div>\n\t\t\t\t<\/div>\n\t\t\t\t<div class=\"elementor-element elementor-element-f03f162 elementor-widget elementor-widget-heading\" data-id=\"f03f162\" data-element_type=\"widget\" data-widget_type=\"heading.default\">\n\t\t\t\t<div class=\"elementor-widget-container\">\n\t\t\t\t\t<h2 class=\"elementor-heading-title elementor-size-default\">PURPOSE OF THE POLICY<\/h2>\t\t\t\t<\/div>\n\t\t\t\t<\/div>\n\t\t\t\t<div class=\"elementor-element elementor-element-85e6679 elementor-widget elementor-widget-text-editor\" data-id=\"85e6679\" data-element_type=\"widget\" data-widget_type=\"text-editor.default\">\n\t\t\t\t<div class=\"elementor-widget-container\">\n\t\t\t\t\t\t\t\t\t<p>The purpose of the complaints handling policy is to establish a fair and transparent process for managing complaints received by the Carrefour de l\u2019Industrie Bioalimentaire de l\u2019\u00cele de Montr\u00e9al (CIB\u00ceM). It also seeks to support service quality and provide an opportunity for anyone to express dissatisfaction.<\/p>\t\t\t\t\t\t\t\t<\/div>\n\t\t\t\t<\/div>\n\t\t\t\t<div class=\"elementor-element elementor-element-04e34b7 elementor-widget elementor-widget-heading\" data-id=\"04e34b7\" data-element_type=\"widget\" data-widget_type=\"heading.default\">\n\t\t\t\t<div class=\"elementor-widget-container\">\n\t\t\t\t\t<h2 class=\"elementor-heading-title elementor-size-default\">RESPONSIBLE PERSON<\/h2>\t\t\t\t<\/div>\n\t\t\t\t<\/div>\n\t\t\t\t<div class=\"elementor-element elementor-element-53a7ee5 elementor-widget elementor-widget-text-editor\" data-id=\"53a7ee5\" data-element_type=\"widget\" data-widget_type=\"text-editor.default\">\n\t\t\t\t<div class=\"elementor-widget-container\">\n\t\t\t\t\t\t\t\t\t<p>The person responsible for implementing the policy is Ms. Nathalie D\u00e9silets, Executive Director of the Carrefour de l\u2019Industrie Bioalimentaire de l\u2019\u00cele de Montr\u00e9al (CIB\u00ceM). She serves as the main contact and ensures staff receive proper training on this matter. The responsible person must also provide employees with all necessary information to ensure compliance with this policy.<\/p><p>The responsible person is mainly tasked with:<\/p><ul><li>Ensuring the application of this policy;<\/li><li>Confirming receipt of the complaint to the complainant;<\/li><li>Investigating the claims presented in the complaint.<\/li><\/ul><p><strong>COMPLAINT<\/strong><\/p><p>For the purposes of this policy, a complaint is defined as an expression of at least one of the following:<\/p><ul><li>Dissatisfaction with CIB\u00ceM by an individual who feels wronged;<\/li><li>Harm suffered due to an event, situation, act, or omission related to a service provided by CIB\u00ceM;<\/li><li>A request for corrective action.<\/li><\/ul><p>Note: Informal efforts to resolve a particular problem, as long as it is addressed within CIB\u00ceM\u2019s regular activities and without a written complaint, are not considered a formal complaint.<\/p>\t\t\t\t\t\t\t\t<\/div>\n\t\t\t\t<\/div>\n\t\t\t\t<div class=\"elementor-element elementor-element-74acf0d elementor-widget elementor-widget-heading\" data-id=\"74acf0d\" data-element_type=\"widget\" data-widget_type=\"heading.default\">\n\t\t\t\t<div class=\"elementor-widget-container\">\n\t\t\t\t\t<h2 class=\"elementor-heading-title elementor-size-default\">SUBMITTING A COMPLAINT<\/h2>\t\t\t\t<\/div>\n\t\t\t\t<\/div>\n\t\t\t\t<div class=\"elementor-element elementor-element-ebdb977 elementor-widget elementor-widget-text-editor\" data-id=\"ebdb977\" data-element_type=\"widget\" data-widget_type=\"text-editor.default\">\n\t\t\t\t<div class=\"elementor-widget-container\">\n\t\t\t\t\t\t\t\t\t<p>Anyone wishing to submit a complaint must do so in writing to the following address:<\/p><p>Carrefour de l\u2019Industrie Bioalimentaire de l\u2019\u00cele de Montr\u00e9al<br \/>5600, rue Hochelaga, Suite 130, Montr\u00e9al, QC H1N 1L7<\/p><p>The communication must include:<\/p><ul><li>The complainant&#8217;s full name<\/li><li>Their address<\/li><li>Telephone number<\/li><li>Email or fax number, if applicable<\/li><li>Their status: On their own behalf, as a guardian, or as a legal representative<\/li><li>The reasons for the complaint<\/li><\/ul><p>All complaints are treated confidentially. Anonymous complaints are considered as not received.<\/p><p>Any employee who receives a complaint must forward it immediately to the policy\u2019s responsible person.<\/p><p>If the complaint is verbal, the employee must inform the complainant of this policy and invite them to submit their complaint in writing to CIB\u00ceM.<\/p><p>The responsible person must acknowledge receipt of the complaint within 5 business days. The acknowledgment must include:<\/p><ul><li>A description of the complaint, specifying the concern regarding CIB\u00ceM, the alleged harm, or the requested corrective action;<\/li><li>The name and contact details of the complaint handler;<\/li><li>In the case of an incomplete complaint, a request for additional information, which must be provided within 5 business days, failing which the complaint will be deemed abandoned;<\/li><li>A copy of the complaints handling policy.<\/li><\/ul>\t\t\t\t\t\t\t\t<\/div>\n\t\t\t\t<\/div>\n\t\t\t\t<div class=\"elementor-element elementor-element-4ae55d3 elementor-widget elementor-widget-heading\" data-id=\"4ae55d3\" data-element_type=\"widget\" data-widget_type=\"heading.default\">\n\t\t\t\t<div class=\"elementor-widget-container\">\n\t\t\t\t\t<h2 class=\"elementor-heading-title elementor-size-default\">CREATING A COMPLAINT FILE\n<\/h2>\t\t\t\t<\/div>\n\t\t\t\t<\/div>\n\t\t\t\t<div class=\"elementor-element elementor-element-8fe869a elementor-widget elementor-widget-text-editor\" data-id=\"8fe869a\" data-element_type=\"widget\" data-widget_type=\"text-editor.default\">\n\t\t\t\t<div class=\"elementor-widget-container\">\n\t\t\t\t\t\t\t\t\t<p>To ensure fair and transparent handling, each complaint will be documented in a separate file containing:<\/p><ul><li>The written complaint;<\/li><li>The outcome of the complaint review process (including analysis and related documents);<\/li><li>The final written and reasoned response to the complainant.<\/li><\/ul>\t\t\t\t\t\t\t\t<\/div>\n\t\t\t\t<\/div>\n\t\t\t\t<div class=\"elementor-element elementor-element-fc1d5ae elementor-widget elementor-widget-heading\" data-id=\"fc1d5ae\" data-element_type=\"widget\" data-widget_type=\"heading.default\">\n\t\t\t\t<div class=\"elementor-widget-container\">\n\t\t\t\t\t<h2 class=\"elementor-heading-title elementor-size-default\">PROCESSING A COMPLAINT<\/h2>\t\t\t\t<\/div>\n\t\t\t\t<\/div>\n\t\t\t\t<div class=\"elementor-element elementor-element-249391f elementor-widget elementor-widget-text-editor\" data-id=\"249391f\" data-element_type=\"widget\" data-widget_type=\"text-editor.default\">\n\t\t\t\t<div class=\"elementor-widget-container\">\n\t\t\t\t\t\t\t\t\t<p>The complaint handling process must begin no later than 5 business days after the complaint is received.<\/p><p>Complaints must be handled within a reasonable time frame, ideally within 30 days after receiving all necessary information. If the complaint cannot be processed within this time, the complainant must be informed of the reasons for the delay, the steps taken to date, and the estimated timeline for a final decision.<\/p><p>Once the complaint has been reviewed and analyzed, the responsible person must send the complainant a final, written, and substantiated response.<\/p>\t\t\t\t\t\t\t\t<\/div>\n\t\t\t\t<\/div>\n\t\t\t\t<div class=\"elementor-element elementor-element-c9820dd elementor-widget elementor-widget-heading\" data-id=\"c9820dd\" data-element_type=\"widget\" data-widget_type=\"heading.default\">\n\t\t\t\t<div class=\"elementor-widget-container\">\n\t\t\t\t\t<h2 class=\"elementor-heading-title elementor-size-default\">EFFECTIVE DATE<\/h2>\t\t\t\t<\/div>\n\t\t\t\t<\/div>\n\t\t\t\t<div class=\"elementor-element elementor-element-d81b91d elementor-widget elementor-widget-text-editor\" data-id=\"d81b91d\" data-element_type=\"widget\" data-widget_type=\"text-editor.default\">\n\t\t\t\t<div class=\"elementor-widget-container\">\n\t\t\t\t\t\t\t\t\t<p>This policy comes into effect on September 20, 2023.<\/p>\t\t\t\t\t\t\t\t<\/div>\n\t\t\t\t<\/div>\n\t\t\t\t<div class=\"elementor-element elementor-element-2b00ad0 elementor-widget elementor-widget-heading\" data-id=\"2b00ad0\" data-element_type=\"widget\" data-widget_type=\"heading.default\">\n\t\t\t\t<div class=\"elementor-widget-container\">\n\t\t\t\t\t<h2 class=\"elementor-heading-title elementor-size-default\">FOR ANY QUESTIONS OR COMMENTS REGARDING THE COMPLAINTS PROCESS, PLEASE CONTACT:<\/h2>\t\t\t\t<\/div>\n\t\t\t\t<\/div>\n\t\t\t\t<div class=\"elementor-element elementor-element-fe0f455 elementor-widget elementor-widget-text-editor\" data-id=\"fe0f455\" data-element_type=\"widget\" data-widget_type=\"text-editor.default\">\n\t\t\t\t<div class=\"elementor-widget-container\">\n\t\t\t\t\t\t\t\t\t<p>Nathalie D\u00e9silets : info@cibim.org<\/p>\t\t\t\t\t\t\t\t<\/div>\n\t\t\t\t<\/div>\n\t\t\t\t\t<\/div>\n\t\t\t\t<\/div>\n\t\t\t\t<\/div>\n\t\t","protected":false},"excerpt":{"rendered":"<p>COMPLAINTS HANDLING POLICY This policy aims to ensure proper, consistent, and diligent handling of complaints. It applies to any individual who is dissatisfied with how their personal information has been managed. PURPOSE OF THE POLICY The purpose of the complaints handling policy is to establish a fair and transparent process for managing complaints received by&#8230;<\/p>\n","protected":false},"author":1,"featured_media":0,"parent":0,"menu_order":80,"comment_status":"closed","ping_status":"closed","template":"","meta":{"_acf_changed":false,"pmpro_default_level":"","footnotes":""},"class_list":["post-18520","page","type-page","status-publish","hentry","pmpro-has-access"],"acf":[],"yoast_head":"<!-- This site is optimized with the Yoast SEO plugin v24.3 - https:\/\/yoast.com\/wordpress\/plugins\/seo\/ -->\n<title>Complaints Handling Policy | CIBIM<\/title>\n<meta name=\"robots\" content=\"index, follow, max-snippet:-1, max-image-preview:large, max-video-preview:-1\" \/>\n<link rel=\"canonical\" href=\"https:\/\/cibim.org\/en\/complaints-handling-policy\/\" \/>\n<meta property=\"og:locale\" content=\"en_US\" \/>\n<meta property=\"og:type\" content=\"article\" \/>\n<meta property=\"og:title\" content=\"Complaints Handling Policy | CIBIM\" \/>\n<meta property=\"og:description\" content=\"COMPLAINTS HANDLING POLICY This policy aims to ensure proper, consistent, and diligent handling of complaints. It applies to any individual who is dissatisfied with how their personal information has been managed. PURPOSE OF THE POLICY The purpose of the complaints handling policy is to establish a fair and transparent process for managing complaints received by...\" \/>\n<meta property=\"og:url\" content=\"https:\/\/cibim.org\/en\/complaints-handling-policy\/\" \/>\n<meta property=\"og:site_name\" content=\"CIBIM\" \/>\n<meta property=\"article:modified_time\" content=\"2025-05-23T19:30:08+00:00\" \/>\n<meta property=\"og:image\" content=\"https:\/\/cibim.org\/wp-content\/uploads\/2025\/06\/cibim.webp\" \/>\n\t<meta property=\"og:image:width\" content=\"956\" \/>\n\t<meta property=\"og:image:height\" content=\"671\" \/>\n\t<meta property=\"og:image:type\" content=\"image\/webp\" \/>\n<meta name=\"twitter:card\" content=\"summary_large_image\" \/>\n<meta name=\"twitter:label1\" content=\"Est. reading time\" \/>\n\t<meta name=\"twitter:data1\" content=\"3 minutes\" \/>\n<script type=\"application\/ld+json\" class=\"yoast-schema-graph\">{\"@context\":\"https:\/\/schema.org\",\"@graph\":[{\"@type\":\"WebPage\",\"@id\":\"https:\/\/cibim.org\/en\/complaints-handling-policy\/\",\"url\":\"https:\/\/cibim.org\/en\/complaints-handling-policy\/\",\"name\":\"Complaints Handling Policy | CIBIM\",\"isPartOf\":{\"@id\":\"https:\/\/cibim.org\/#website\"},\"datePublished\":\"2025-02-13T14:40:36+00:00\",\"dateModified\":\"2025-05-23T19:30:08+00:00\",\"breadcrumb\":{\"@id\":\"https:\/\/cibim.org\/en\/complaints-handling-policy\/#breadcrumb\"},\"inLanguage\":\"en-US\",\"potentialAction\":[{\"@type\":\"ReadAction\",\"target\":[\"https:\/\/cibim.org\/en\/complaints-handling-policy\/\"]}]},{\"@type\":\"BreadcrumbList\",\"@id\":\"https:\/\/cibim.org\/en\/complaints-handling-policy\/#breadcrumb\",\"itemListElement\":[{\"@type\":\"ListItem\",\"position\":1,\"name\":\"Home\",\"item\":\"https:\/\/cibim.org\/en\/\"},{\"@type\":\"ListItem\",\"position\":2,\"name\":\"Complaints Handling Policy\"}]},{\"@type\":\"WebSite\",\"@id\":\"https:\/\/cibim.org\/#website\",\"url\":\"https:\/\/cibim.org\/\",\"name\":\"CIBI\u0302M\",\"description\":\"LE CONSEIL DES INDUSTRIES BIOALIMENTAIRES DE L&#039;\u00ceLE DE MONTR\u00c9AL\",\"publisher\":{\"@id\":\"https:\/\/cibim.org\/#organization\"},\"potentialAction\":[{\"@type\":\"SearchAction\",\"target\":{\"@type\":\"EntryPoint\",\"urlTemplate\":\"https:\/\/cibim.org\/?s={search_term_string}\"},\"query-input\":{\"@type\":\"PropertyValueSpecification\",\"valueRequired\":true,\"valueName\":\"search_term_string\"}}],\"inLanguage\":\"en-US\"},{\"@type\":\"Organization\",\"@id\":\"https:\/\/cibim.org\/#organization\",\"name\":\"CIBI\u0302M\",\"url\":\"https:\/\/cibim.org\/\",\"logo\":{\"@type\":\"ImageObject\",\"inLanguage\":\"en-US\",\"@id\":\"https:\/\/cibim.org\/#\/schema\/logo\/image\/\",\"url\":\"https:\/\/cibim.org\/wp-content\/uploads\/2025\/01\/cibim-logo.svg\",\"contentUrl\":\"https:\/\/cibim.org\/wp-content\/uploads\/2025\/01\/cibim-logo.svg\",\"width\":193,\"height\":68,\"caption\":\"CIBI\u0302M\"},\"image\":{\"@id\":\"https:\/\/cibim.org\/#\/schema\/logo\/image\/\"}}]}<\/script>\n<!-- \/ Yoast SEO plugin. -->","yoast_head_json":{"title":"Complaints Handling Policy | CIBIM","robots":{"index":"index","follow":"follow","max-snippet":"max-snippet:-1","max-image-preview":"max-image-preview:large","max-video-preview":"max-video-preview:-1"},"canonical":"https:\/\/cibim.org\/en\/complaints-handling-policy\/","og_locale":"en_US","og_type":"article","og_title":"Complaints Handling Policy | CIBIM","og_description":"COMPLAINTS HANDLING POLICY This policy aims to ensure proper, consistent, and diligent handling of complaints. It applies to any individual who is dissatisfied with how their personal information has been managed. PURPOSE OF THE POLICY The purpose of the complaints handling policy is to establish a fair and transparent process for managing complaints received by...","og_url":"https:\/\/cibim.org\/en\/complaints-handling-policy\/","og_site_name":"CIBIM","article_modified_time":"2025-05-23T19:30:08+00:00","og_image":[{"width":956,"height":671,"url":"https:\/\/cibim.org\/wp-content\/uploads\/2025\/06\/cibim.webp","type":"image\/webp"}],"twitter_card":"summary_large_image","twitter_misc":{"Est. reading time":"3 minutes"},"schema":{"@context":"https:\/\/schema.org","@graph":[{"@type":"WebPage","@id":"https:\/\/cibim.org\/en\/complaints-handling-policy\/","url":"https:\/\/cibim.org\/en\/complaints-handling-policy\/","name":"Complaints Handling Policy | CIBIM","isPartOf":{"@id":"https:\/\/cibim.org\/#website"},"datePublished":"2025-02-13T14:40:36+00:00","dateModified":"2025-05-23T19:30:08+00:00","breadcrumb":{"@id":"https:\/\/cibim.org\/en\/complaints-handling-policy\/#breadcrumb"},"inLanguage":"en-US","potentialAction":[{"@type":"ReadAction","target":["https:\/\/cibim.org\/en\/complaints-handling-policy\/"]}]},{"@type":"BreadcrumbList","@id":"https:\/\/cibim.org\/en\/complaints-handling-policy\/#breadcrumb","itemListElement":[{"@type":"ListItem","position":1,"name":"Home","item":"https:\/\/cibim.org\/en\/"},{"@type":"ListItem","position":2,"name":"Complaints Handling Policy"}]},{"@type":"WebSite","@id":"https:\/\/cibim.org\/#website","url":"https:\/\/cibim.org\/","name":"CIBI\u0302M","description":"LE CONSEIL DES INDUSTRIES BIOALIMENTAIRES DE L&#039;\u00ceLE DE MONTR\u00c9AL","publisher":{"@id":"https:\/\/cibim.org\/#organization"},"potentialAction":[{"@type":"SearchAction","target":{"@type":"EntryPoint","urlTemplate":"https:\/\/cibim.org\/?s={search_term_string}"},"query-input":{"@type":"PropertyValueSpecification","valueRequired":true,"valueName":"search_term_string"}}],"inLanguage":"en-US"},{"@type":"Organization","@id":"https:\/\/cibim.org\/#organization","name":"CIBI\u0302M","url":"https:\/\/cibim.org\/","logo":{"@type":"ImageObject","inLanguage":"en-US","@id":"https:\/\/cibim.org\/#\/schema\/logo\/image\/","url":"https:\/\/cibim.org\/wp-content\/uploads\/2025\/01\/cibim-logo.svg","contentUrl":"https:\/\/cibim.org\/wp-content\/uploads\/2025\/01\/cibim-logo.svg","width":193,"height":68,"caption":"CIBI\u0302M"},"image":{"@id":"https:\/\/cibim.org\/#\/schema\/logo\/image\/"}}]}},"_links":{"self":[{"href":"https:\/\/cibim.org\/en\/wp-json\/wp\/v2\/pages\/18520","targetHints":{"allow":["GET"]}}],"collection":[{"href":"https:\/\/cibim.org\/en\/wp-json\/wp\/v2\/pages"}],"about":[{"href":"https:\/\/cibim.org\/en\/wp-json\/wp\/v2\/types\/page"}],"author":[{"embeddable":true,"href":"https:\/\/cibim.org\/en\/wp-json\/wp\/v2\/users\/1"}],"replies":[{"embeddable":true,"href":"https:\/\/cibim.org\/en\/wp-json\/wp\/v2\/comments?post=18520"}],"version-history":[{"count":5,"href":"https:\/\/cibim.org\/en\/wp-json\/wp\/v2\/pages\/18520\/revisions"}],"predecessor-version":[{"id":18879,"href":"https:\/\/cibim.org\/en\/wp-json\/wp\/v2\/pages\/18520\/revisions\/18879"}],"wp:attachment":[{"href":"https:\/\/cibim.org\/en\/wp-json\/wp\/v2\/media?parent=18520"}],"curies":[{"name":"wp","href":"https:\/\/api.w.org\/{rel}","templated":true}]}}